{"id":94,"date":"2021-04-27T20:03:29","date_gmt":"2021-04-27T20:03:29","guid":{"rendered":"https:\/\/podo-geiselhardt.de\/?page_id=94"},"modified":"2021-12-03T20:55:13","modified_gmt":"2021-12-03T20:55:13","slug":"fusspflege-fuer-diabetiker","status":"publish","type":"page","link":"https:\/\/podo-geiselhardt.de\/?page_id=94","title":{"rendered":"Fu\u00dfbehandlungen f\u00fcr Diabetiker"},"content":{"rendered":"\n<h2 class=\"wp-block-heading\">die Fu\u00dfbehandlung f\u00fcr Diabetiker mit Heilmittelverordnung 13<\/h2>\n\n\n\n<h3 class=\"wp-block-heading\"><strong>Die medizinische Fu\u00dfbehandlung beim Diabetiker darf nur von Podologen durchgef\u00fchrt werden.<\/strong><\/h3>\n\n\n\n<p>Es k\u00f6nnen drei Leistungen an Ihren F\u00fc\u00dfen abgerechnet werden:<br>a) Nagelbehandlung bei Nagelver\u00e4nderungen<br>b) Hornhautbehandlungen<br>c) Komplexbehandlung<\/p>\n\n\n\n<p>Bei Therapiebeginn ist ein Eigenanteil der Therapie in H\u00f6he von 10% und die Verordnungsgeb\u00fchr von 10 Euro zu bezahlen. Falls Sie von der Zuzahlung f\u00fcr Heilmittel befreit sind, reicht die Vorlage des Befreiungsausweises und der Heilmittelverordnung, dann entf\u00e4llt die Zuzahlung.<\/p>\n\n\n\n<p>Es werden nur korrekt ausgef\u00fcllte Heilmittelverordnungen angenommen. Bitte beachten Sie, dass die Verordnung zu Beginn der Behandlung nicht \u00e4lter als 28 Tage sein darf.<\/p>\n","protected":false},"excerpt":{"rendered":"<p>die Fu\u00dfbehandlung f\u00fcr Diabetiker mit Heilmittelverordnung 13 Die medizinische Fu\u00dfbehandlung beim Diabetiker darf nur von Podologen durchgef\u00fchrt werden. Es k\u00f6nnen drei Leistungen an Ihren F\u00fc\u00dfen abgerechnet werden:a) Nagelbehandlung bei Nagelver\u00e4nderungenb) Hornhautbehandlungenc) Komplexbehandlung Bei Therapiebeginn ist ein Eigenanteil der Therapie in H\u00f6he von 10% und die Verordnungsgeb\u00fchr von 10 Euro zu bezahlen. Falls Sie von der Zuzahlung f\u00fcr Heilmittel befreit sind, [&hellip;]<\/p>\n","protected":false},"author":1,"featured_media":0,"parent":0,"menu_order":0,"comment_status":"closed","ping_status":"closed","template":"","meta":{"footnotes":""},"class_list":["post-94","page","type-page","status-publish","hentry"],"_links":{"self":[{"href":"https:\/\/podo-geiselhardt.de\/index.php?rest_route=\/wp\/v2\/pages\/94","targetHints":{"allow":["GET"]}}],"collection":[{"href":"https:\/\/podo-geiselhardt.de\/index.php?rest_route=\/wp\/v2\/pages"}],"about":[{"href":"https:\/\/podo-geiselhardt.de\/index.php?rest_route=\/wp\/v2\/types\/page"}],"author":[{"embeddable":true,"href":"https:\/\/podo-geiselhardt.de\/index.php?rest_route=\/wp\/v2\/users\/1"}],"replies":[{"embeddable":true,"href":"https:\/\/podo-geiselhardt.de\/index.php?rest_route=%2Fwp%2Fv2%2Fcomments&post=94"}],"version-history":[{"count":3,"href":"https:\/\/podo-geiselhardt.de\/index.php?rest_route=\/wp\/v2\/pages\/94\/revisions"}],"predecessor-version":[{"id":256,"href":"https:\/\/podo-geiselhardt.de\/index.php?rest_route=\/wp\/v2\/pages\/94\/revisions\/256"}],"wp:attachment":[{"href":"https:\/\/podo-geiselhardt.de\/index.php?rest_route=%2Fwp%2Fv2%2Fmedia&parent=94"}],"curies":[{"name":"wp","href":"https:\/\/api.w.org\/{rel}","templated":true}]}}