{"id":92,"date":"2021-04-27T20:02:11","date_gmt":"2021-04-27T20:02:11","guid":{"rendered":"https:\/\/podo-geiselhardt.de\/?page_id=92"},"modified":"2021-04-27T20:02:11","modified_gmt":"2021-04-27T20:02:11","slug":"podologische-komplexbehandlung","status":"publish","type":"page","link":"https:\/\/podo-geiselhardt.de\/?page_id=92","title":{"rendered":"Podologische Komplexbehandlung"},"content":{"rendered":"\n<h2 class=\"wp-block-heading\">Selbstzahler \u2013 ohne Verordnung<\/h2>\n\n\n\n<p>Die Behandlung beinhaltet:<\/p>\n\n\n\n<ul class=\"wp-block-list\"><li>die Anamnese<\/li><li>ein Fu\u00dfbad (nicht bei Kontraindikation)<\/li><li>das K\u00fcrzen, Gl\u00e4tten der N\u00e4gel<\/li><li>das Abschleifen von verdickten N\u00e4geln<\/li><li>den Nagelfalz reinigen<\/li><li>das Abtragen von Hornhaut und Schwielen<\/li><li>das Entfernen von H\u00fchneraugen<\/li><li>das Eincremen der F\u00fc\u00dfe mit entsprechend Pflegecreme<\/li><li>eine Fu\u00dfberatung (Schuhwerk, Pflege, Fu\u00dfgymnastik)<\/li><\/ul>\n\n\n\n<p>Wird wegen einem vergr\u00f6\u00dferten Behandlungsaufwand (\u00fcberm\u00e4\u00dfige Hornhaut, mehrere oder sehr gro\u00dfe H\u00fchneraugen, sehr lange oder stark verdickte N\u00e4gel) der normale Zeitansatz einer Behandlung von bis zu 45 Minuten \u00fcberschritten, werden pro weitere 15 Minuten Behandlung 15,00 \u20ac berechnet.<\/p>\n","protected":false},"excerpt":{"rendered":"<p>Selbstzahler \u2013 ohne Verordnung Die Behandlung beinhaltet: die Anamnese ein Fu\u00dfbad (nicht bei Kontraindikation) das K\u00fcrzen, Gl\u00e4tten der N\u00e4gel das Abschleifen von verdickten N\u00e4geln den Nagelfalz reinigen das Abtragen von Hornhaut und Schwielen das Entfernen von H\u00fchneraugen das Eincremen der F\u00fc\u00dfe mit entsprechend Pflegecreme eine Fu\u00dfberatung (Schuhwerk, Pflege, Fu\u00dfgymnastik) Wird wegen einem vergr\u00f6\u00dferten Behandlungsaufwand (\u00fcberm\u00e4\u00dfige Hornhaut, mehrere oder sehr gro\u00dfe [&hellip;]<\/p>\n","protected":false},"author":1,"featured_media":0,"parent":0,"menu_order":0,"comment_status":"closed","ping_status":"closed","template":"","meta":{"footnotes":""},"class_list":["post-92","page","type-page","status-publish","hentry"],"_links":{"self":[{"href":"https:\/\/podo-geiselhardt.de\/index.php?rest_route=\/wp\/v2\/pages\/92","targetHints":{"allow":["GET"]}}],"collection":[{"href":"https:\/\/podo-geiselhardt.de\/index.php?rest_route=\/wp\/v2\/pages"}],"about":[{"href":"https:\/\/podo-geiselhardt.de\/index.php?rest_route=\/wp\/v2\/types\/page"}],"author":[{"embeddable":true,"href":"https:\/\/podo-geiselhardt.de\/index.php?rest_route=\/wp\/v2\/users\/1"}],"replies":[{"embeddable":true,"href":"https:\/\/podo-geiselhardt.de\/index.php?rest_route=%2Fwp%2Fv2%2Fcomments&post=92"}],"version-history":[{"count":1,"href":"https:\/\/podo-geiselhardt.de\/index.php?rest_route=\/wp\/v2\/pages\/92\/revisions"}],"predecessor-version":[{"id":93,"href":"https:\/\/podo-geiselhardt.de\/index.php?rest_route=\/wp\/v2\/pages\/92\/revisions\/93"}],"wp:attachment":[{"href":"https:\/\/podo-geiselhardt.de\/index.php?rest_route=%2Fwp%2Fv2%2Fmedia&parent=92"}],"curies":[{"name":"wp","href":"https:\/\/api.w.org\/{rel}","templated":true}]}}