{"id":38,"date":"2021-04-27T19:33:22","date_gmt":"2021-04-27T19:33:22","guid":{"rendered":"https:\/\/podo-geiselhardt.de\/?page_id=38"},"modified":"2021-06-01T19:58:39","modified_gmt":"2021-06-01T19:58:39","slug":"anfahrt","status":"publish","type":"page","link":"https:\/\/podo-geiselhardt.de\/?page_id=38","title":{"rendered":"Anfahrt"},"content":{"rendered":"\n<p>Mit dem PkW<\/p>\n\n\n\n<p>Die Praxis befindet sich im EG des ehemaligen Gasthauses Schuler, direkt an der Haltestelle DB Ubstadt-Weiher, im Industriegebiet auf der Weiherer Seite.<\/p>\n\n\n\n<p><a href=\"https:\/\/www.google.de\/maps\/place\/Bahnhofstra%C3%9Fe+10,+76698+Ubstadt-Weiher\/@49.1664039,8.6204401,17z\/data=!3m1!4b1!4m5!3m4!1s0x4797a30838b3f3ed:0x5a0e27db8427bcaa!8m2!3d49.1664004!4d8.6226288\" data-type=\"URL\" data-id=\"https:\/\/www.google.de\/maps\/place\/Bahnhofstra%C3%9Fe+10,+76698+Ubstadt-Weiher\/@49.1664039,8.6204401,17z\/data=!3m1!4b1!4m5!3m4!1s0x4797a30838b3f3ed:0x5a0e27db8427bcaa!8m2!3d49.1664004!4d8.6226288\" target=\"_blank\" rel=\"noreferrer noopener\">Zum Routenplaner<\/a><\/p>\n\n\n\n<h2 class=\"wp-block-heading\">Parkm\u00f6glichkeiten<\/h2>\n\n\n\n<p>Sie k\u00f6nnen direkt vor dem Haus parken, Praxisparkpl\u00e4tze sind durch Beschilderung ausgewiesen.<\/p>\n","protected":false},"excerpt":{"rendered":"<p>Mit dem PkW Die Praxis befindet sich im EG des ehemaligen Gasthauses Schuler, direkt an der Haltestelle DB Ubstadt-Weiher, im Industriegebiet auf der Weiherer Seite. Zum Routenplaner Parkm\u00f6glichkeiten Sie k\u00f6nnen direkt vor dem Haus parken, Praxisparkpl\u00e4tze sind durch Beschilderung ausgewiesen.<\/p>\n","protected":false},"author":1,"featured_media":0,"parent":0,"menu_order":0,"comment_status":"closed","ping_status":"closed","template":"","meta":{"footnotes":""},"class_list":["post-38","page","type-page","status-publish","hentry"],"_links":{"self":[{"href":"https:\/\/podo-geiselhardt.de\/index.php?rest_route=\/wp\/v2\/pages\/38","targetHints":{"allow":["GET"]}}],"collection":[{"href":"https:\/\/podo-geiselhardt.de\/index.php?rest_route=\/wp\/v2\/pages"}],"about":[{"href":"https:\/\/podo-geiselhardt.de\/index.php?rest_route=\/wp\/v2\/types\/page"}],"author":[{"embeddable":true,"href":"https:\/\/podo-geiselhardt.de\/index.php?rest_route=\/wp\/v2\/users\/1"}],"replies":[{"embeddable":true,"href":"https:\/\/podo-geiselhardt.de\/index.php?rest_route=%2Fwp%2Fv2%2Fcomments&post=38"}],"version-history":[{"count":4,"href":"https:\/\/podo-geiselhardt.de\/index.php?rest_route=\/wp\/v2\/pages\/38\/revisions"}],"predecessor-version":[{"id":230,"href":"https:\/\/podo-geiselhardt.de\/index.php?rest_route=\/wp\/v2\/pages\/38\/revisions\/230"}],"wp:attachment":[{"href":"https:\/\/podo-geiselhardt.de\/index.php?rest_route=%2Fwp%2Fv2%2Fmedia&parent=38"}],"curies":[{"name":"wp","href":"https:\/\/api.w.org\/{rel}","templated":true}]}}