{"id":36,"date":"2021-04-27T19:30:51","date_gmt":"2021-04-27T19:30:51","guid":{"rendered":"https:\/\/podo-geiselhardt.de\/?page_id=36"},"modified":"2024-06-01T15:11:02","modified_gmt":"2024-06-01T15:11:02","slug":"leistungen","status":"publish","type":"page","link":"https:\/\/podo-geiselhardt.de\/?page_id=36","title":{"rendered":"Leistungen"},"content":{"rendered":"\n<h2 class=\"wp-block-heading\">Podologische Fu\u00dfanalyse<\/h2>\n\n\n\n<ul class=\"wp-block-list\">\n<li>Befunderhebung und Anamnese bei Erstbehandlung zur Dokumentation von Fu\u00dfstatus bzw. krankhaften Ver\u00e4nderungen<\/li>\n<\/ul>\n\n\n\n<h2 class=\"wp-block-heading\">Individuelle Beratung und Aufkl\u00e4rung<\/h2>\n\n\n\n<ul class=\"wp-block-list\">\n<li>bei Fu\u00dfproblemen jeglicher Art<\/li>\n<\/ul>\n\n\n\n<h2 class=\"wp-block-heading\">Podologische Komplexbehandlung<\/h2>\n\n\n\n<ul class=\"wp-block-list\">\n<li>Fu\u00dfbad<\/li>\n\n\n\n<li>Hornhaut\/Druckstellen\/H\u00fchneraugen entfernen<\/li>\n\n\n\n<li>N\u00e4gel k\u00fcrzen und Nagelkanten entgraten<\/li>\n\n\n\n<li>Nagelfalze sondieren und reinigen<\/li>\n\n\n\n<li>Nagelhaut pflegen<\/li>\n\n\n\n<li>Desinfektion der behandelten Umgebung<\/li>\n\n\n\n<li>Hautpflege mit ausgew\u00e4hlten Produkten<\/li>\n\n\n\n<li>Schuhinspektion<\/li>\n<\/ul>\n\n\n\n<h2 class=\"wp-block-heading\">Behandlung spezieller Patientengruppen<\/h2>\n\n\n\n<ul class=\"wp-block-list\">\n<li>Diabetiker<\/li>\n\n\n\n<li>Rheumatiker<\/li>\n\n\n\n<li>Patienten, die blutgerinnungshemmende Medikamente einnehmen<\/li>\n\n\n\n<li>Patienten mit Gef\u00e4\u00dferkrankungen oder Durchblutungsst\u00f6rungen<\/li>\n<\/ul>\n\n\n\n<h2 class=\"wp-block-heading\">Spezielle Nagelbehandlung<\/h2>\n\n\n\n<ul class=\"wp-block-list\">\n<li>Sanieren von pilzbefallenen N\u00e4geln bis in die tiefen Schichten zur Unterst\u00fctzung der \u00e4rztlichen Mykosetherapie<\/li>\n\n\n\n<li>Abschleifen der Nagelplatte bei verdickten N\u00e4geln zur Druckminderung z. B. bei eingewachsenen Zehenn\u00e4geln<\/li>\n<\/ul>\n\n\n\n<h2 class=\"wp-block-heading\">Spezielle Hautbehandlung<\/h2>\n\n\n\n<ul class=\"wp-block-list\">\n<li>Abtragung von \u00fcberm\u00e4\u00dfiger Hornhaut und Schwielen<\/li>\n\n\n\n<li>Entfernung von H\u00fchneraugen<\/li>\n\n\n\n<li>Behandlung von Rhagaden<\/li>\n\n\n\n<li>Behandlung von Warzen<\/li>\n\n\n\n<li>Mykosebehandlung<\/li>\n<\/ul>\n\n\n\n<h2 class=\"wp-block-heading\">Orthonyxie \u2013 Nagelkorrektur bei eingewachsenen Zehenn\u00e4geln<\/h2>\n\n\n\n<ul class=\"wp-block-list\">\n<li>Nagelkorrekturspange nach VHO-Osthold<\/li>\n\n\n\n<li>Nagelkorrekturspange nach Ross Fraser<\/li>\n\n\n\n<li>Podofix Klebespange von 3 TO mit Aktivierung<\/li>\n\n\n\n<li>Goldstadtspange oder Federspange<\/li>\n<\/ul>\n\n\n\n<h2 class=\"wp-block-heading\">Nagelprothetik<\/h2>\n\n\n\n<ul class=\"wp-block-list\">\n<li>Aufbau oder Ersatz der Nagelplatte bei fehlenden Nagelteilen oder Verlust der Nagelplatte nach traumatischen Einwirkungen. Schienung des nachwachsenden Nagels und Schutz vor Nagelbettverformung<\/li>\n<\/ul>\n\n\n\n<h2 class=\"wp-block-heading\">Orthosen<\/h2>\n\n\n\n<ul class=\"wp-block-list\">\n<li>individuell geformtes Hilfsmittel aus hautfreundlicher, elastischer Zweikomponenten-Silikonmasse unterschiedlicher H\u00e4rtegrade: zur Korrektur von Zehenfehlstellungen, wie Hallux valgus, Reiterzehen, Hammerzehen oder als Druck- und Reibungsschutz bei belasteter Fu\u00dfhaut, lange Haltbarkeit,<br>wasch- und desinfizierbar<\/li>\n<\/ul>\n\n\n\n<h2 class=\"wp-block-heading\">Druck- und Reibungsschutz<\/h2>\n\n\n\n<ul class=\"wp-block-list\">\n<li>vorgefertigtes oder individuell angefertigtes Hilfsmittel aus verschiedenen Polstermaterialien zur Entlastung bei H\u00fchneraugen, Druckstellen und eingewachsenen Zehenn\u00e4geln oder anderen Reizzust\u00e4nden<\/li>\n<\/ul>\n\n\n","protected":false},"excerpt":{"rendered":"<p>Podologische Fu\u00dfanalyse Individuelle Beratung und Aufkl\u00e4rung Podologische Komplexbehandlung Behandlung spezieller Patientengruppen Spezielle Nagelbehandlung Spezielle Hautbehandlung Orthonyxie \u2013 Nagelkorrektur bei eingewachsenen Zehenn\u00e4geln Nagelprothetik Orthosen Druck- und Reibungsschutz<\/p>\n","protected":false},"author":1,"featured_media":0,"parent":0,"menu_order":0,"comment_status":"closed","ping_status":"closed","template":"","meta":{"footnotes":""},"class_list":["post-36","page","type-page","status-publish","hentry"],"_links":{"self":[{"href":"https:\/\/podo-geiselhardt.de\/index.php?rest_route=\/wp\/v2\/pages\/36","targetHints":{"allow":["GET"]}}],"collection":[{"href":"https:\/\/podo-geiselhardt.de\/index.php?rest_route=\/wp\/v2\/pages"}],"about":[{"href":"https:\/\/podo-geiselhardt.de\/index.php?rest_route=\/wp\/v2\/types\/page"}],"author":[{"embeddable":true,"href":"https:\/\/podo-geiselhardt.de\/index.php?rest_route=\/wp\/v2\/users\/1"}],"replies":[{"embeddable":true,"href":"https:\/\/podo-geiselhardt.de\/index.php?rest_route=%2Fwp%2Fv2%2Fcomments&post=36"}],"version-history":[{"count":9,"href":"https:\/\/podo-geiselhardt.de\/index.php?rest_route=\/wp\/v2\/pages\/36\/revisions"}],"predecessor-version":[{"id":338,"href":"https:\/\/podo-geiselhardt.de\/index.php?rest_route=\/wp\/v2\/pages\/36\/revisions\/338"}],"wp:attachment":[{"href":"https:\/\/podo-geiselhardt.de\/index.php?rest_route=%2Fwp%2Fv2%2Fmedia&parent=36"}],"curies":[{"name":"wp","href":"https:\/\/api.w.org\/{rel}","templated":true}]}}