{"id":32,"date":"2021-04-27T19:29:56","date_gmt":"2021-04-27T19:29:56","guid":{"rendered":"https:\/\/podo-geiselhardt.de\/?page_id=32"},"modified":"2024-06-02T17:34:29","modified_gmt":"2024-06-02T17:34:29","slug":"ueber-uns","status":"publish","type":"page","link":"https:\/\/podo-geiselhardt.de\/?page_id=32","title":{"rendered":"Praxis"},"content":{"rendered":"\n<figure class=\"wp-block-image alignwide size-full\"><img loading=\"lazy\" decoding=\"async\" width=\"2560\" height=\"1254\" src=\"https:\/\/podo-geiselhardt.de\/wp-content\/uploads\/2024\/06\/112-Podologie_Geiselhardt-108-scaled-e1717255459962.jpg\" alt=\"\" class=\"wp-image-343\" srcset=\"https:\/\/podo-geiselhardt.de\/wp-content\/uploads\/2024\/06\/112-Podologie_Geiselhardt-108-scaled-e1717255459962.jpg 2560w, https:\/\/podo-geiselhardt.de\/wp-content\/uploads\/2024\/06\/112-Podologie_Geiselhardt-108-scaled-e1717255459962-300x147.jpg 300w, https:\/\/podo-geiselhardt.de\/wp-content\/uploads\/2024\/06\/112-Podologie_Geiselhardt-108-scaled-e1717255459962-1024x502.jpg 1024w, https:\/\/podo-geiselhardt.de\/wp-content\/uploads\/2024\/06\/112-Podologie_Geiselhardt-108-scaled-e1717255459962-768x376.jpg 768w, https:\/\/podo-geiselhardt.de\/wp-content\/uploads\/2024\/06\/112-Podologie_Geiselhardt-108-scaled-e1717255459962-1536x752.jpg 1536w, https:\/\/podo-geiselhardt.de\/wp-content\/uploads\/2024\/06\/112-Podologie_Geiselhardt-108-scaled-e1717255459962-2048x1003.jpg 2048w\" sizes=\"auto, (max-width: 2560px) 100vw, 2560px\" \/><\/figure>\n\n\n\n<p>Mein Team und ich begr\u00fc\u00dfen Sie gerne in meiner podologischen Praxis direkt am Bahnhof der Deutschen Bahn in Ubstadt.<\/p>\n\n\n\n<p>Nehmen Sie sich ein wenig Zeit und machen Sie einen digitalen Rundgang durch meine Praxis und verschaffen sich einen \u00dcberblick \u00fcber unseren Service und unsere Leistungen, die ich mit meinem Team anbiete.<\/p>\n\n\n\n<p>Ich lege gro\u00dfen Wert auf einwandfreie, podologische Behandlungen unter Einhaltung h\u00f6chster Hygienestandards. Meine Mitarbeiter und ich hoffen, Sie f\u00fchlen sich bei uns gut versorgt und betreut. Unser Bestreben ist es, Ihre Behandlungsm\u00f6glichkeiten und die podologische Versorgung stets zu optimieren.<\/p>\n\n\n\n<p>Alle Podologen unserer Praxis sind seit 2013 Heilpraktiker im Bereich der Podologie.<\/p>\n\n\n\n<p>Dies bedeutet f\u00fcr Sie: Wir k\u00f6nnen Sie im Bereich der F\u00fc\u00dfe noch professioneller versorgen und haben erweiterte Behandlungsm\u00f6glichkeiten.<\/p>\n\n\n\n<p>Wenn es Sie interessiert, sprechen Sie mich an, ich zeige Ihnen gerne unseren Hygienebereich, in dem wir unsere Instrumente aufbereiten.<\/p>\n\n\n\n<p>Die Praxis hat die Zulassung aller Krankenkassen.<\/p>\n\n\n\n<p>Ich freue mich auf Sie<\/p>\n\n\n\n<h2 class=\"wp-block-heading\">Ihre Silke Geiselhardt mit Team<\/h2>\n\n\n\n<p><\/p>\n","protected":false},"excerpt":{"rendered":"<p>Mein Team und ich begr\u00fc\u00dfen Sie gerne in meiner podologischen Praxis direkt am Bahnhof der Deutschen Bahn in Ubstadt. Nehmen Sie sich ein wenig Zeit und machen Sie einen digitalen Rundgang durch meine Praxis und verschaffen sich einen \u00dcberblick \u00fcber unseren Service und unsere Leistungen, die ich mit meinem Team anbiete. Ich lege gro\u00dfen Wert auf einwandfreie, podologische Behandlungen unter [&hellip;]<\/p>\n","protected":false},"author":1,"featured_media":0,"parent":0,"menu_order":0,"comment_status":"closed","ping_status":"closed","template":"","meta":{"footnotes":""},"class_list":["post-32","page","type-page","status-publish","hentry"],"_links":{"self":[{"href":"https:\/\/podo-geiselhardt.de\/index.php?rest_route=\/wp\/v2\/pages\/32","targetHints":{"allow":["GET"]}}],"collection":[{"href":"https:\/\/podo-geiselhardt.de\/index.php?rest_route=\/wp\/v2\/pages"}],"about":[{"href":"https:\/\/podo-geiselhardt.de\/index.php?rest_route=\/wp\/v2\/types\/page"}],"author":[{"embeddable":true,"href":"https:\/\/podo-geiselhardt.de\/index.php?rest_route=\/wp\/v2\/users\/1"}],"replies":[{"embeddable":true,"href":"https:\/\/podo-geiselhardt.de\/index.php?rest_route=%2Fwp%2Fv2%2Fcomments&post=32"}],"version-history":[{"count":9,"href":"https:\/\/podo-geiselhardt.de\/index.php?rest_route=\/wp\/v2\/pages\/32\/revisions"}],"predecessor-version":[{"id":351,"href":"https:\/\/podo-geiselhardt.de\/index.php?rest_route=\/wp\/v2\/pages\/32\/revisions\/351"}],"wp:attachment":[{"href":"https:\/\/podo-geiselhardt.de\/index.php?rest_route=%2Fwp%2Fv2%2Fmedia&parent=32"}],"curies":[{"name":"wp","href":"https:\/\/api.w.org\/{rel}","templated":true}]}}