{"id":117,"date":"2021-04-27T20:12:52","date_gmt":"2021-04-27T20:12:52","guid":{"rendered":"https:\/\/podo-geiselhardt.de\/?page_id=117"},"modified":"2026-04-01T08:57:45","modified_gmt":"2026-04-01T08:57:45","slug":"home","status":"publish","type":"page","link":"https:\/\/podo-geiselhardt.de\/","title":{"rendered":"Home"},"content":{"rendered":"\n<div class=\"wp-block-columns is-layout-flex wp-container-core-columns-is-layout-9d6595d7 wp-block-columns-is-layout-flex\">\n<div class=\"wp-block-column is-layout-flow wp-block-column-is-layout-flow\" style=\"flex-basis:100%\">\n<section id=\"section-1ce020f0-623b-4c8a-80dd-5e6e1cfc42bb\" class=\"wp-block-gutentor-image-slider gutentor-section gutentor-image-slider imageSlider-template1\"><div class=\"gutentor-grid-item-wrap\"><div class=\"gutentor-slider-wrapper\" data-dots=\"true\" data-arrows=\"true\" data-infinite=\"true\" data-nextarrow=\"fas fa-angle-right\" data-prevarrow=\"fas fa-angle-left\" data-autoplay=\"true\" data-autoplayspeed=\"7000\" data-fade=\"false\" data-speed=\"900\"><div class=\"gutentor-slider-item\"><div class=\"gutentor-single-item gutentor-single-item-0\"><div class=\"gutentor-single-item-wrap\"><div class=\"gutentor-single-item-image-box\"><div class=\"gutentor-bg-image\"><div class=\"overlay\"><\/div><\/div><\/div><div class=\"gutentor-single-item-content\"><div class=\"grid-container\"><div class=\"slider-caption text-center\"><h3 class=\"gutentor-single-item-title\">Podologie Geiselhardt<\/h3><p class=\"gutentor-single-item-desc\">&#8230;wir machen Ihren F\u00fc\u00dfen wieder Beine!<\/p><a class=\"gutentor-button gutentor-single-item-button gutentor-icon-hide\" href=\"https:\/\/podo-geiselhardt.de\/?page_id=68\" rel=\"noopener noreferrer\"><i class=\"gutentor-button-icon fas fa-book\"><\/i><span>Termin vereinbaren<\/span><\/a><\/div><\/div><\/div><\/div><\/div><\/div><\/div><\/div><\/section>\n<\/div>\n<\/div>\n\n\n\n<section id=\"gm424eb09\" class=\"wp-block-gutentor-m0 section-gm424eb09 gutentor-module gutentor-module-carousel\"><div class=\"grid-container\"><div class=\"gutentor-module-carousel-row\" data-dots=\"false\" data-dotstablet=\"false\" data-dotsmobile=\"false\" data-arrows=\"false\" data-arrowstablet=\"false\" data-arrowsmobile=\"false\" data-infinite=\"true\" data-autoplay=\"true\" data-draggable=\"true\" data-pauseonfocus=\"true\" data-pauseonhover=\"true\" data-autoplayspeed=\"3000\" data-cmondesktop=\"false\" data-cmontablet=\"false\" data-cmonmobile=\"false\" data-nextarrow=\"fas fa-angle-right\" data-prevarrow=\"fas fa-angle-left\" data-arrowspositiondesktop=\"gutentor-slick-a-default-desktop\" data-arrowspositiontablet=\"gutentor-slick-a-default-tablet\" data-arrowspositionmobile=\"gutentor-slick-a-default-mobile\" data-speed=\"300\" data-slideitemdesktop=\"1\" data-slideitemtablet=\"1\" data-slideitemmobile=\"1\" data-slidescroll-desktop=\"1\" data-slidescroll-tablet=\"1\" data-slidescroll-mobile=\"1\">\n<div id=\"col-gm377048\" class=\"wp-block-gutentor-m0-col col-gm377048 gutentor-carousel-item\"><div id=\"section-gm377048\" class=\"section-gm377048 gutentor-col-wrap\">\n<section id=\"gm32a99e7\" class=\"wp-block-gutentor-m4 section-gm32a99e7 gutentor-module gutentor-advanced-columns g-c-r-valign-mobile g-c-r-valign-tablet g-valign-c-desktop\"><div class=\"grid-container\"><div class=\"grid-row\">\n<div id=\"col-gm612a53\" class=\"wp-block-gutentor-m4-col col-gm612a53 gutentor-single-column  grid-lg-3 grid-md-3 grid-12\"><div id=\"section-gm612a53\" class=\"section-gm612a53 gutentor-col-wrap\">\n<section id=\"gmf10bb58\" class=\"wp-block-gutentor-m3 section-gmf10bb58 gutentor-module gutentor-container-cover g-pos-r-desktop g-pos-r-tablet g-pos-r-mobile g-pos-custom-desktop g-pos-custom-tablet g-pos-custom-mobile\"><div class=\"grid-container gutentor-rm-ct-space\">\n<div id=\"section-g44a1a3\" class=\"wp-block-gutentor-e6 section-g44a1a3 gutentor-element gutentor-element-image gutentor-enabled-width\"><div class=\"gutentor-element-image-box\"><div class=\"gutentor-bg-image\"><\/div><\/div><\/div>\n\n\n\n<div id=\"section-g47bcb1\" class=\"wp-block-gutentor-e5 section-g47bcb1 gutentor-element gutentor-element-icon g-pos-a-desktop g-pos-a-tablet g-pos-a-mobile g-pos-custom-desktop g-pos-custom-tablet g-pos-custom-mobile gutentor-icon-circle-bg gutentor-enabled-width text-align-right-mobile\"><div class=\"gutentor-element-icon-box\"><i class=\"fas fa-quote-left\"><\/i><\/div><\/div>\n<\/div><\/section>\n<\/div><\/div>\n\n\n\n<div id=\"col-gm2aaa3b\" class=\"wp-block-gutentor-m4-col col-gm2aaa3b gutentor-single-column  grid-lg-9 grid-md-9 grid-12\"><div id=\"section-gm2aaa3b\" class=\"section-gm2aaa3b gutentor-col-wrap\">\n<div id=\"section-gd53f0b\" class=\"wp-block-gutentor-e0 section-gd53f0b gutentor-element gutentor-element-advanced-text\"><div class=\"gutentor-text-wrap\"><p class=\"gutentor-text\">Mein Team und ich begr\u00fc\u00dfen Sie gerne in meiner podologischen Praxis direkt<br>am Bahnhof der Deutschen Bahn in Ubstadt.<br><br>Nehmen Sie sich ein wenig Zeit und machen Sie einen digitalen Rundgang durch meine Praxis und verschaffen sich einen \u00dcberblick \u00fcber unseren Service und unsere Leistungen, die ich mit meinem Team anbiete.<br><br>Ich lege gro\u00dfen Wert auf einwandfreie, podologische Behandlungen unter Einhaltung h\u00f6chster Hygienestandards. Meine Mitarbeiter und ich hoffen, Sie f\u00fchlen sich bei uns gut versorgt und betreut. Unser Bestreben ist es, Ihre Behandlungsm\u00f6glichkeiten und die podologische Versorgung stets zu optimieren.<\/p><\/div><\/div>\n\n\n\n<div id=\"section-g73a3a7\" class=\"wp-block-gutentor-e0 section-g73a3a7 gutentor-element gutentor-element-advanced-text\"><div class=\"gutentor-text-wrap\"><p class=\"gutentor-text\">-Silke Geiselhardt<\/p><\/div><\/div>\n<\/div><\/div>\n<\/div><\/div><\/section>\n<\/div><\/div>\n<\/div><\/div><\/section>\n\n\n\n<div class=\"wp-block-group alignfull\"><div class=\"wp-block-group__inner-container is-layout-flow wp-block-group-is-layout-flow\">\n<section id=\"section-3850f171-5845-4037-83e6-725ce2bc9678\" class=\"wp-block-gutentor-opening-hours alignfull gutentor-section gutentor-opening-hours opening-hours-template1 has-image-bg has-custom-bg has-gutentor-overlay\"><div class=\"grid-container\"><div class=\"gutentor-block-header\"><div class=\"gutentor-section-title enable-title-design seperator-bottom text-center\"><h2 class=\"gutentor-title\">\u00d6ffnungszeiten<\/h2><\/div><\/div><div class=\"gutentor-grid-item-wrap\"><div class=\"gutentor-opening-hours-box\"><ul class=\"gutentor-opening-hours-wrapper\"><li class=\"gutentor-single-item gutentor-single-item-0\"><div class=\"gutentor-opening-hours-content\"><h3 class=\"gutentor-single-item-title\">Montag<\/h3><div class=\"gutentor-opening-hours-time-wrap\"><p class=\"gutentor-single-item-opening\"> 8.00 &#8211; 12.30 Uhr &amp; 13.30 &#8211; 18.00 Uhr<\/p><\/div><\/div><\/li><li class=\"gutentor-single-item gutentor-single-item-1\"><div class=\"gutentor-opening-hours-content\"><h3 class=\"gutentor-single-item-title\">Dienstag<\/h3><div class=\"gutentor-opening-hours-time-wrap\"><p class=\"gutentor-single-item-opening\">  8.00 \u2013 12.30 Uhr &amp; 13.30 &#8211; 16.00 Uhr<\/p><\/div><\/div><\/li><li class=\"gutentor-single-item gutentor-single-item-2\"><div class=\"gutentor-opening-hours-content\"><h3 class=\"gutentor-single-item-title\">Mittwoch <\/h3><div class=\"gutentor-opening-hours-time-wrap\"><p class=\"gutentor-single-item-opening\">8.00 &#8211; 12.30 Uhr &amp; 13.30 &#8211; 17.00 Uhr<\/p><\/div><\/div><\/li><li class=\"gutentor-single-item gutentor-single-item-3\"><div class=\"gutentor-opening-hours-content\"><h3 class=\"gutentor-single-item-title\">Donnerstag <\/h3><div class=\"gutentor-opening-hours-time-wrap\"><p class=\"gutentor-single-item-opening\"> 8.00 \u2013 12.30 Uhr &amp; 13.30 \u2013 17.00 Uhr <\/p><\/div><\/div><\/li><li class=\"gutentor-single-item gutentor-single-item-4\"><div class=\"gutentor-opening-hours-content\"><h3 class=\"gutentor-single-item-title\">Freitag<\/h3><div class=\"gutentor-opening-hours-time-wrap\"><p class=\"gutentor-single-item-opening\">8.00 \u2013 13.00 Uhr &amp; nach Vereinbarung<\/p><\/div><\/div><\/li><\/ul><\/div><\/div><\/div><\/section>\n<\/div><\/div>\n\n\n\n<section id=\"section-92ab7459-1795-4ce0-8803-db6241aab945\" class=\"wp-block-gutentor-list gutentor-section gutentor-list-wrapper list-template1 has-color-bg has-custom-bg has-gutentor-block-shape-bottom\"><div class=\"grid-container\"><div class=\"gutentor-block-header\"><div class=\"gutentor-section-title enable-title-design seperator-bottom text-center\"><h2 class=\"gutentor-title\">Unsere Leistungen<\/h2><\/div><\/div><ul class=\"grid-row gutentor-grid-item-wrap list-indicator-icon text-left\"><li class=\"gutentor-list-item grid-lg-4 grid-12 grid-12\"><span class=\"gutentor-single-item gutentor-single-item-0\"><span class=\"gutentor-list-item-wrap\"><span class=\"gutentor-single-list-item-icon\"><i class=\"list-item-icon fas fa-check\"><\/i><\/span><span class=\"gutentor-list-item\"><p class=\"gutentor-single-item-title\">Podologische Fu\u00dfanalyse<\/p><\/span><\/span><\/span><\/li><li class=\"gutentor-list-item grid-lg-4 grid-12 grid-12\"><span class=\"gutentor-single-item gutentor-single-item-1\"><span class=\"gutentor-list-item-wrap\"><span class=\"gutentor-single-list-item-icon\"><i class=\"list-item-icon fas fa-check\"><\/i><\/span><span class=\"gutentor-list-item\"><p class=\"gutentor-single-item-title\">Individuelle Beratung und Aufkl\u00e4rung<\/p><\/span><\/span><\/span><\/li><li class=\"gutentor-list-item grid-lg-4 grid-12 grid-12\"><span class=\"gutentor-single-item gutentor-single-item-2\"><span class=\"gutentor-list-item-wrap\"><span class=\"gutentor-single-list-item-icon\"><i class=\"list-item-icon fas fa-check\"><\/i><\/span><span class=\"gutentor-list-item\"><p class=\"gutentor-single-item-title\">Podologische Komplexbehandlung<\/p><\/span><\/span><\/span><\/li><li class=\"gutentor-list-item grid-lg-4 grid-12 grid-12\"><span class=\"gutentor-single-item gutentor-single-item-3\"><span class=\"gutentor-list-item-wrap\"><span class=\"gutentor-single-list-item-icon\"><i class=\"list-item-icon fas fa-check\"><\/i><\/span><span class=\"gutentor-list-item\"><p class=\"gutentor-single-item-title\">Spezielle Nagelbehandlung<\/p><\/span><\/span><\/span><\/li><li class=\"gutentor-list-item grid-lg-4 grid-12 grid-12\"><span class=\"gutentor-single-item gutentor-single-item-4\"><span class=\"gutentor-list-item-wrap\"><span class=\"gutentor-single-list-item-icon\"><i class=\"list-item-icon fas fa-check\"><\/i><\/span><span class=\"gutentor-list-item\"><p class=\"gutentor-single-item-title\">Spezielle Hautbehandlung<\/p><\/span><\/span><\/span><\/li><li class=\"gutentor-list-item grid-lg-4 grid-12 grid-12\"><span class=\"gutentor-single-item gutentor-single-item-5\"><span class=\"gutentor-list-item-wrap\"><span class=\"gutentor-single-list-item-icon\"><i class=\"list-item-icon fas fa-check\"><\/i><\/span><span class=\"gutentor-list-item\"><p class=\"gutentor-single-item-title\">Orthonyxie \u2013 Nagelkorrektur bei eingewachsenen Zehenn\u00e4geln<\/p><\/span><\/span><\/span><\/li><li class=\"gutentor-list-item grid-lg-4 grid-12 grid-12\"><span class=\"gutentor-single-item gutentor-single-item-6\"><span class=\"gutentor-list-item-wrap\"><span class=\"gutentor-single-list-item-icon\"><i class=\"list-item-icon fas fa-check\"><\/i><\/span><span class=\"gutentor-list-item\"><p class=\"gutentor-single-item-title\">Nagelprothetik<\/p><\/span><\/span><\/span><\/li><li class=\"gutentor-list-item grid-lg-4 grid-12 grid-12\"><span class=\"gutentor-single-item gutentor-single-item-7\"><span class=\"gutentor-list-item-wrap\"><span class=\"gutentor-single-list-item-icon\"><i class=\"list-item-icon fas fa-check\"><\/i><\/span><span class=\"gutentor-list-item\"><p class=\"gutentor-single-item-title\">Orthosen<\/p><\/span><\/span><\/span><\/li><li class=\"gutentor-list-item grid-lg-4 grid-12 grid-12\"><span class=\"gutentor-single-item gutentor-single-item-8\"><span class=\"gutentor-list-item-wrap\"><span class=\"gutentor-single-list-item-icon\"><i class=\"list-item-icon fas fa-check\"><\/i><\/span><span class=\"gutentor-list-item\"><p class=\"gutentor-single-item-title\">Druck- und Reibungsschutz<\/p><\/span><\/span><\/span><\/li><\/ul><\/div><div class=\"gutentor-block-shape-bottom\"><span><svg xmlns=\"http:\/\/www.w3.org\/2000\/svg\" viewBox=\"0 0 1000 84.94\" preserveAspectRatio=\"none\"><path d=\"M0,0V72.94c14.46,5.89,32.38,10.5,54.52.26,110.25-51,120.51,23.71,192.6-4.3,144.73-56.23,154.37,49.44,246.71,4.64C637,4.05,622.19,124.16,757.29,66.21c93-39.91,108.38,54.92,242.71-8.25V0Z\" style=\"fill-rule:evenodd;opacity:0.33\"><\/path><path d=\"M0,0V52.83c131.11,59.9,147-32.91,239.24,6.65,135.09,58,120.24-62.16,263.46,7.34,92.33,44.8,102-60.88,246.71-4.64,72.1,28,82.35-46.71,192.6,4.3,23.95,11.08,43,4.78,58-1.72V0Z\" style=\"fill-rule:evenodd;opacity:0.66\"><\/path><path d=\"M0,0V24.26c15.6,6.95,35.77,15.41,61.78,3.38,110.25-51,120.51,23.71,192.6-4.3C399.11-32.89,408.75,72.79,501.08,28,644.3-41.51,629.45,78.6,764.54,20.65,855.87-18.53,872.34,72.12,1000,15.7V0Z\" style=\"fill-rule:evenodd\"><\/path><\/svg><\/span><\/div><\/section>\n\n\n\n<p><\/p>\n","protected":false},"excerpt":{"rendered":"","protected":false},"author":1,"featured_media":0,"parent":0,"menu_order":0,"comment_status":"closed","ping_status":"closed","template":"template-gutentor-full-width.php","meta":{"footnotes":""},"class_list":["post-117","page","type-page","status-publish","hentry"],"_links":{"self":[{"href":"https:\/\/podo-geiselhardt.de\/index.php?rest_route=\/wp\/v2\/pages\/117","targetHints":{"allow":["GET"]}}],"collection":[{"href":"https:\/\/podo-geiselhardt.de\/index.php?rest_route=\/wp\/v2\/pages"}],"about":[{"href":"https:\/\/podo-geiselhardt.de\/index.php?rest_route=\/wp\/v2\/types\/page"}],"author":[{"embeddable":true,"href":"https:\/\/podo-geiselhardt.de\/index.php?rest_route=\/wp\/v2\/users\/1"}],"replies":[{"embeddable":true,"href":"https:\/\/podo-geiselhardt.de\/index.php?rest_route=%2Fwp%2Fv2%2Fcomments&post=117"}],"version-history":[{"count":61,"href":"https:\/\/podo-geiselhardt.de\/index.php?rest_route=\/wp\/v2\/pages\/117\/revisions"}],"predecessor-version":[{"id":357,"href":"https:\/\/podo-geiselhardt.de\/index.php?rest_route=\/wp\/v2\/pages\/117\/revisions\/357"}],"wp:attachment":[{"href":"https:\/\/podo-geiselhardt.de\/index.php?rest_route=%2Fwp%2Fv2%2Fmedia&parent=117"}],"curies":[{"name":"wp","href":"https:\/\/api.w.org\/{rel}","templated":true}]}}